{"id":678,"date":"2024-12-23T14:29:08","date_gmt":"2024-12-23T14:29:08","guid":{"rendered":"https:\/\/williamhinton.com\/?page_id=678"},"modified":"2025-12-22T20:04:33","modified_gmt":"2025-12-22T20:04:33","slug":"the-distillery","status":"publish","type":"page","link":"https:\/\/williamhinton.com\/en\/the-distillery\/","title":{"rendered":"The Distillery"},"content":{"rendered":"\t\t<div data-elementor-type=\"wp-page\" data-elementor-id=\"678\" class=\"elementor elementor-678\" data-elementor-post-type=\"page\">\n\t\t\t\t\t\t<section class=\"elementor-section elementor-top-section elementor-element elementor-element-6305971 elementor-section-boxed elementor-section-height-default elementor-section-height-default parallax_section_no qode_elementor_container_no\" data-id=\"6305971\" data-element_type=\"section\" data-e-type=\"section\" data-settings=\"{&quot;background_background&quot;:&quot;classic&quot;}\">\n\t\t\t\t\t\t<div class=\"elementor-container elementor-column-gap-default\">\n\t\t\t\t\t<div class=\"elementor-column elementor-col-50 elementor-top-column elementor-element elementor-element-0a49d50\" data-id=\"0a49d50\" data-element_type=\"column\" data-e-type=\"column\">\n\t\t\t<div class=\"elementor-widget-wrap elementor-element-populated\">\n\t\t\t\t\t\t<div class=\"elementor-element elementor-element-312b4dd elementor-widget elementor-widget-image\" data-id=\"312b4dd\" data-element_type=\"widget\" data-e-type=\"widget\" data-widget_type=\"image.default\">\n\t\t\t\t<div class=\"elementor-widget-container\">\n\t\t\t\t\t\t\t\t\t\t\t\t\t\t\t<img fetchpriority=\"high\" decoding=\"async\" width=\"1140\" height=\"1400\" src=\"https:\/\/williamhinton.com\/wp-content\/uploads\/2024\/12\/wh_rum_text-tall-03.jpg\" class=\"attachment-full size-full wp-image-689\" alt=\"pe\u00e7as hist\u00f3ricas que ficaram do antigo engenho Hinton no Funchal\" srcset=\"https:\/\/williamhinton.com\/wp-content\/uploads\/2024\/12\/wh_rum_text-tall-03.jpg 1140w, https:\/\/williamhinton.com\/wp-content\/uploads\/2024\/12\/wh_rum_text-tall-03-600x737.jpg 600w, https:\/\/williamhinton.com\/wp-content\/uploads\/2024\/12\/wh_rum_text-tall-03-244x300.jpg 244w, https:\/\/williamhinton.com\/wp-content\/uploads\/2024\/12\/wh_rum_text-tall-03-834x1024.jpg 834w, https:\/\/williamhinton.com\/wp-content\/uploads\/2024\/12\/wh_rum_text-tall-03-768x943.jpg 768w, https:\/\/williamhinton.com\/wp-content\/uploads\/2024\/12\/wh_rum_text-tall-03-700x860.jpg 700w\" sizes=\"(max-width: 1140px) 100vw, 1140px\" \/>\t\t\t\t\t\t\t\t\t\t\t\t\t\t\t<\/div>\n\t\t\t\t<\/div>\n\t\t\t\t\t<\/div>\n\t\t<\/div>\n\t\t\t\t<div class=\"elementor-column elementor-col-50 elementor-top-column elementor-element elementor-element-4d755e6d\" data-id=\"4d755e6d\" data-element_type=\"column\" data-e-type=\"column\">\n\t\t\t<div class=\"elementor-widget-wrap elementor-element-populated\">\n\t\t\t\t\t\t<div class=\"elementor-element elementor-element-0de8477 elementor-widget elementor-widget-text-editor\" data-id=\"0de8477\" data-element_type=\"widget\" data-e-type=\"widget\" data-widget_type=\"text-editor.default\">\n\t\t\t\t<div class=\"elementor-widget-container\">\n\t\t\t\t\t\t\t\t\t<h5><strong>A Legacy Reborn:<\/strong><\/h5>\t\t\t\t\t\t\t\t<\/div>\n\t\t\t\t<\/div>\n\t\t\t\t<div class=\"elementor-element elementor-element-924b7b5 elementor-widget elementor-widget-text-editor\" data-id=\"924b7b5\" data-element_type=\"widget\" data-e-type=\"widget\" data-widget_type=\"text-editor.default\">\n\t\t\t\t<div class=\"elementor-widget-container\">\n\t\t\t\t\t\t\t\t\t<h2><strong>Engenho Novo da Madeira<\/strong><\/h2>\t\t\t\t\t\t\t\t<\/div>\n\t\t\t\t<\/div>\n\t\t\t\t<div class=\"elementor-element elementor-element-de3c6aa elementor-widget elementor-widget-text-editor\" data-id=\"de3c6aa\" data-element_type=\"widget\" data-e-type=\"widget\" data-widget_type=\"text-editor.default\">\n\t\t\t\t<div class=\"elementor-widget-container\">\n\t\t\t\t\t\t\t\t\t<p>In 2006, the rich tradition of Madeiran rum production was reborn with the establishment of Engenho Novo da Madeira (ENM). Founded by an heir of the illustrious Hinton family, ENM breathed new life into the island&#8217;s centuries-old rum-making heritage and revived the historic legacy of the renowned &#8220;F\u00e1brica do Torre\u00e3o&#8221;.<\/p>\t\t\t\t\t\t\t\t<\/div>\n\t\t\t\t<\/div>\n\t\t\t\t\t<\/div>\n\t\t<\/div>\n\t\t\t\t\t<\/div>\n\t\t<\/section>\n\t\t\t\t<section class=\"elementor-section elementor-top-section elementor-element elementor-element-52381bb elementor-section-boxed elementor-section-height-default elementor-section-height-default parallax_section_no qode_elementor_container_no\" data-id=\"52381bb\" data-element_type=\"section\" data-e-type=\"section\" data-settings=\"{&quot;background_background&quot;:&quot;classic&quot;}\">\n\t\t\t\t\t\t<div class=\"elementor-container elementor-column-gap-default\">\n\t\t\t\t\t<div class=\"elementor-column elementor-col-50 elementor-top-column elementor-element elementor-element-309228f\" data-id=\"309228f\" data-element_type=\"column\" data-e-type=\"column\">\n\t\t\t<div class=\"elementor-widget-wrap elementor-element-populated\">\n\t\t\t\t\t\t<div class=\"elementor-element elementor-element-d62d6d6 elementor-widget elementor-widget-image\" data-id=\"d62d6d6\" data-element_type=\"widget\" data-e-type=\"widget\" data-widget_type=\"image.default\">\n\t\t\t\t<div class=\"elementor-widget-container\">\n\t\t\t\t\t\t\t\t\t\t\t\t\t\t\t<img decoding=\"async\" width=\"700\" height=\"491\" src=\"https:\/\/williamhinton.com\/wp-content\/uploads\/2024\/12\/wh_rum_history02.jpg\" class=\"attachment-full size-full wp-image-681\" alt=\"front view old hinton mill in funchal\" srcset=\"https:\/\/williamhinton.com\/wp-content\/uploads\/2024\/12\/wh_rum_history02.jpg 700w, https:\/\/williamhinton.com\/wp-content\/uploads\/2024\/12\/wh_rum_history02-600x421.jpg 600w, https:\/\/williamhinton.com\/wp-content\/uploads\/2024\/12\/wh_rum_history02-300x210.jpg 300w\" sizes=\"(max-width: 700px) 100vw, 700px\" \/>\t\t\t\t\t\t\t\t\t\t\t\t\t\t\t<\/div>\n\t\t\t\t<\/div>\n\t\t\t\t\t<\/div>\n\t\t<\/div>\n\t\t\t\t<div class=\"elementor-column elementor-col-50 elementor-top-column elementor-element elementor-element-f8fe8c3\" data-id=\"f8fe8c3\" data-element_type=\"column\" data-e-type=\"column\">\n\t\t\t<div class=\"elementor-widget-wrap elementor-element-populated\">\n\t\t\t\t\t\t<div class=\"elementor-element elementor-element-7a0432a elementor-widget elementor-widget-text-editor\" data-id=\"7a0432a\" data-element_type=\"widget\" data-e-type=\"widget\" data-widget_type=\"text-editor.default\">\n\t\t\t\t<div class=\"elementor-widget-container\">\n\t\t\t\t\t\t\t\t\t<h5><strong>A Distillery<\/strong><\/h5>\t\t\t\t\t\t\t\t<\/div>\n\t\t\t\t<\/div>\n\t\t\t\t<div class=\"elementor-element elementor-element-bf41ba7 elementor-widget elementor-widget-text-editor\" data-id=\"bf41ba7\" data-element_type=\"widget\" data-e-type=\"widget\" data-widget_type=\"text-editor.default\">\n\t\t\t\t<div class=\"elementor-widget-container\">\n\t\t\t\t\t\t\t\t\t<h2><strong>Steeped in History<\/strong><\/h2>\t\t\t\t\t\t\t\t<\/div>\n\t\t\t\t<\/div>\n\t\t\t\t<div class=\"elementor-element elementor-element-21a5cbc elementor-widget elementor-widget-text-editor\" data-id=\"21a5cbc\" data-element_type=\"widget\" data-e-type=\"widget\" data-widget_type=\"text-editor.default\">\n\t\t\t\t<div class=\"elementor-widget-container\">\n\t\t\t\t\t\t\t\t\t<p>At the heart of ENM&#8217;s operations lies a centennial column still, a testament to the distillery&#8217;s historical roots. This copper marvel, originally part of the renowned F\u00e1brica do Torre\u00e3o, was meticulously restored in 2007, bridging the past and present of Madeira rum production.<\/p>\t\t\t\t\t\t\t\t<\/div>\n\t\t\t\t<\/div>\n\t\t\t\t\t<\/div>\n\t\t<\/div>\n\t\t\t\t\t<\/div>\n\t\t<\/section>\n\t\t\t\t<section class=\"elementor-section elementor-top-section elementor-element elementor-element-0e85e01 elementor-section-boxed elementor-section-height-default elementor-section-height-default parallax_section_no qode_elementor_container_no\" data-id=\"0e85e01\" data-element_type=\"section\" data-e-type=\"section\" data-settings=\"{&quot;background_background&quot;:&quot;classic&quot;}\">\n\t\t\t\t\t\t<div class=\"elementor-container elementor-column-gap-default\">\n\t\t\t\t\t<div class=\"elementor-column elementor-col-50 elementor-top-column elementor-element elementor-element-6b68232\" data-id=\"6b68232\" data-element_type=\"column\" data-e-type=\"column\">\n\t\t\t<div class=\"elementor-widget-wrap elementor-element-populated\">\n\t\t\t\t\t\t<div class=\"elementor-element elementor-element-1b951af elementor-widget elementor-widget-image\" data-id=\"1b951af\" data-element_type=\"widget\" data-e-type=\"widget\" data-widget_type=\"image.default\">\n\t\t\t\t<div class=\"elementor-widget-container\">\n\t\t\t\t\t\t\t\t\t\t\t\t\t\t\t<img decoding=\"async\" width=\"1800\" height=\"1379\" src=\"https:\/\/williamhinton.com\/wp-content\/uploads\/2024\/12\/wh_rum_pt-abm-jas-0825.jpg\" class=\"attachment-full size-full wp-image-670\" alt=\"production of madeira rum at the hinton mill in Funchal\" srcset=\"https:\/\/williamhinton.com\/wp-content\/uploads\/2024\/12\/wh_rum_pt-abm-jas-0825.jpg 1800w, https:\/\/williamhinton.com\/wp-content\/uploads\/2024\/12\/wh_rum_pt-abm-jas-0825-600x460.jpg 600w, https:\/\/williamhinton.com\/wp-content\/uploads\/2024\/12\/wh_rum_pt-abm-jas-0825-300x230.jpg 300w, https:\/\/williamhinton.com\/wp-content\/uploads\/2024\/12\/wh_rum_pt-abm-jas-0825-1024x784.jpg 1024w, https:\/\/williamhinton.com\/wp-content\/uploads\/2024\/12\/wh_rum_pt-abm-jas-0825-768x588.jpg 768w, https:\/\/williamhinton.com\/wp-content\/uploads\/2024\/12\/wh_rum_pt-abm-jas-0825-1536x1177.jpg 1536w, https:\/\/williamhinton.com\/wp-content\/uploads\/2024\/12\/wh_rum_pt-abm-jas-0825-700x536.jpg 700w\" sizes=\"(max-width: 1800px) 100vw, 1800px\" \/>\t\t\t\t\t\t\t\t\t\t\t\t\t\t\t<\/div>\n\t\t\t\t<\/div>\n\t\t\t\t\t<\/div>\n\t\t<\/div>\n\t\t\t\t<div class=\"elementor-column elementor-col-50 elementor-top-column elementor-element elementor-element-f13ae70\" data-id=\"f13ae70\" data-element_type=\"column\" data-e-type=\"column\">\n\t\t\t<div class=\"elementor-widget-wrap elementor-element-populated\">\n\t\t\t\t\t\t<div class=\"elementor-element elementor-element-8aebbcc elementor-widget elementor-widget-text-editor\" data-id=\"8aebbcc\" data-element_type=\"widget\" data-e-type=\"widget\" data-widget_type=\"text-editor.default\">\n\t\t\t\t<div class=\"elementor-widget-container\">\n\t\t\t\t\t\t\t\t\t<h5>Crafting<\/h5>\t\t\t\t\t\t\t\t<\/div>\n\t\t\t\t<\/div>\n\t\t\t\t<div class=\"elementor-element elementor-element-eb60412 elementor-widget elementor-widget-text-editor\" data-id=\"eb60412\" data-element_type=\"widget\" data-e-type=\"widget\" data-widget_type=\"text-editor.default\">\n\t\t\t\t<div class=\"elementor-widget-container\">\n\t\t\t\t\t\t\t\t\t<h2 color=\"#d4af37!important;\">Liquid Gold<\/h2>\t\t\t\t\t\t\t\t<\/div>\n\t\t\t\t<\/div>\n\t\t\t\t<div class=\"elementor-element elementor-element-9868d1f elementor-widget elementor-widget-text-editor\" data-id=\"9868d1f\" data-element_type=\"widget\" data-e-type=\"widget\" data-widget_type=\"text-editor.default\">\n\t\t\t\t<div class=\"elementor-widget-container\">\n\t\t\t\t\t\t\t\t\t<p>ENM&#8217;s dedication to quality is evident in every step of their production process:<\/p><p>\u00a0<\/p><p><strong>Fermentation<\/strong>: Controlled with selected yeasts at 28-35\u00b0C for 24 hours.<\/p><p>\u00a0<\/p><p><strong>Distillation<\/strong>: The century-old still produces 75 liters of 100% vol. alcohol per hour.<\/p><p>\u00a0<\/p><p><strong>Sugar Cane<\/strong>: Utilizes POJ-2725 and NCO-310 varieties for optimal yield and disease resistance.<\/p>\t\t\t\t\t\t\t\t<\/div>\n\t\t\t\t<\/div>\n\t\t\t\t\t<\/div>\n\t\t<\/div>\n\t\t\t\t\t<\/div>\n\t\t<\/section>\n\t\t\t\t<section style=\"background-image: url(https:\/\/williamhinton.com\/wp-content\/uploads\/2024\/12\/wh_rum_pt-abm-per-000510_resultado.jpg);\" class=\"parallax_section_holder elementor-section elementor-top-section elementor-element elementor-element-3f73311 parallax_section_holder elementor-section-full_width elementor-section-height-default elementor-section-height-default qode_elementor_container_no\" data-speed=\"0\" data-id=\"3f73311\" data-element_type=\"section\" data-e-type=\"section\" data-settings=\"{&quot;background_background&quot;:&quot;classic&quot;,&quot;qode_parallax_image&quot;:{&quot;url&quot;:&quot;https:\\\/\\\/williamhinton.com\\\/wp-content\\\/uploads\\\/2024\\\/12\\\/wh_rum_pt-abm-per-000510_resultado.jpg&quot;,&quot;id&quot;:676,&quot;size&quot;:&quot;&quot;,&quot;alt&quot;:&quot;&quot;,&quot;source&quot;:&quot;library&quot;}}\">\n\t\t\t\t\t\t<div class=\"elementor-container elementor-column-gap-default\">\n\t\t\t\t\t<div class=\"elementor-column elementor-col-100 elementor-top-column elementor-element elementor-element-15e9f30\" data-id=\"15e9f30\" data-element_type=\"column\" data-e-type=\"column\">\n\t\t\t<div class=\"elementor-widget-wrap\">\n\t\t\t\t\t\t\t<\/div>\n\t\t<\/div>\n\t\t\t\t\t<\/div>\n\t\t<\/section>\n\t\t\t\t<section class=\"elementor-section elementor-top-section elementor-element elementor-element-4884c16 elementor-section-boxed elementor-section-height-default elementor-section-height-default parallax_section_no qode_elementor_container_no\" data-id=\"4884c16\" data-element_type=\"section\" data-e-type=\"section\" data-settings=\"{&quot;background_background&quot;:&quot;classic&quot;}\">\n\t\t\t\t\t\t<div class=\"elementor-container elementor-column-gap-default\">\n\t\t\t\t\t<div class=\"elementor-column elementor-col-50 elementor-top-column elementor-element elementor-element-b45f992\" data-id=\"b45f992\" data-element_type=\"column\" data-e-type=\"column\">\n\t\t\t<div class=\"elementor-widget-wrap elementor-element-populated\">\n\t\t\t\t\t\t<div class=\"elementor-element elementor-element-aca42ca elementor-widget elementor-widget-image\" data-id=\"aca42ca\" data-element_type=\"widget\" data-e-type=\"widget\" data-widget_type=\"image.default\">\n\t\t\t\t<div class=\"elementor-widget-container\">\n\t\t\t\t\t\t\t\t\t\t\t\t\t\t\t<img loading=\"lazy\" decoding=\"async\" width=\"1140\" height=\"1400\" src=\"https:\/\/williamhinton.com\/wp-content\/uploads\/2024\/12\/wh_rum_lost-spirit-01.jpg\" class=\"attachment-full size-full wp-image-686\" alt=\"engenho novo da madeira em produ\u00e7\u00e3o do rum agr\u00edcola da madeira\" srcset=\"https:\/\/williamhinton.com\/wp-content\/uploads\/2024\/12\/wh_rum_lost-spirit-01.jpg 1140w, https:\/\/williamhinton.com\/wp-content\/uploads\/2024\/12\/wh_rum_lost-spirit-01-600x737.jpg 600w, https:\/\/williamhinton.com\/wp-content\/uploads\/2024\/12\/wh_rum_lost-spirit-01-244x300.jpg 244w, https:\/\/williamhinton.com\/wp-content\/uploads\/2024\/12\/wh_rum_lost-spirit-01-834x1024.jpg 834w, https:\/\/williamhinton.com\/wp-content\/uploads\/2024\/12\/wh_rum_lost-spirit-01-768x943.jpg 768w, https:\/\/williamhinton.com\/wp-content\/uploads\/2024\/12\/wh_rum_lost-spirit-01-700x860.jpg 700w\" sizes=\"(max-width: 1140px) 100vw, 1140px\" \/>\t\t\t\t\t\t\t\t\t\t\t\t\t\t\t<\/div>\n\t\t\t\t<\/div>\n\t\t\t\t\t<\/div>\n\t\t<\/div>\n\t\t\t\t<div class=\"elementor-column elementor-col-50 elementor-top-column elementor-element elementor-element-a8afcd6\" data-id=\"a8afcd6\" data-element_type=\"column\" data-e-type=\"column\">\n\t\t\t<div class=\"elementor-widget-wrap elementor-element-populated\">\n\t\t\t\t\t\t<div class=\"elementor-element elementor-element-dc141fb elementor-widget elementor-widget-text-editor\" data-id=\"dc141fb\" data-element_type=\"widget\" data-e-type=\"widget\" data-widget_type=\"text-editor.default\">\n\t\t\t\t<div class=\"elementor-widget-container\">\n\t\t\t\t\t\t\t\t\t<h5>Innovative<\/h5>\t\t\t\t\t\t\t\t<\/div>\n\t\t\t\t<\/div>\n\t\t\t\t<div class=\"elementor-element elementor-element-eddccd3 elementor-widget elementor-widget-text-editor\" data-id=\"eddccd3\" data-element_type=\"widget\" data-e-type=\"widget\" data-widget_type=\"text-editor.default\">\n\t\t\t\t<div class=\"elementor-widget-container\">\n\t\t\t\t\t\t\t\t\t<h2>Production<\/h2>\t\t\t\t\t\t\t\t<\/div>\n\t\t\t\t<\/div>\n\t\t\t\t<div class=\"elementor-element elementor-element-9bed9d5 elementor-widget elementor-widget-text-editor\" data-id=\"9bed9d5\" data-element_type=\"widget\" data-e-type=\"widget\" data-widget_type=\"text-editor.default\">\n\t\t\t\t<div class=\"elementor-widget-container\">\n\t\t\t\t\t\t\t\t\t<p>ENM&#8217;s production focuses on two key areas:<\/p><ol><li>Rum Agricola and sugar cane honey for local gastronomy<\/li><li>Value-added products like liqueurs and aged rums<\/li><\/ol><p>The company utilizes a centennial column still, restored in 1969 and again in 2007, to extract its agricole rum.\u00a0This unique production method, combined with Madeira&#8217;s geographical location, climate, and landscape, results in a truly distinctive product.<\/p>\t\t\t\t\t\t\t\t<\/div>\n\t\t\t\t<\/div>\n\t\t\t\t\t<\/div>\n\t\t<\/div>\n\t\t\t\t\t<\/div>\n\t\t<\/section>\n\t\t\t\t<section class=\"elementor-section elementor-top-section elementor-element elementor-element-507603b elementor-section-boxed elementor-section-height-default elementor-section-height-default parallax_section_no qode_elementor_container_no\" data-id=\"507603b\" data-element_type=\"section\" data-e-type=\"section\" data-settings=\"{&quot;background_background&quot;:&quot;classic&quot;}\">\n\t\t\t\t\t\t<div class=\"elementor-container elementor-column-gap-default\">\n\t\t\t\t\t<div class=\"elementor-column elementor-col-50 elementor-top-column elementor-element elementor-element-49d6a55\" data-id=\"49d6a55\" data-element_type=\"column\" data-e-type=\"column\">\n\t\t\t<div class=\"elementor-widget-wrap elementor-element-populated\">\n\t\t\t\t\t\t<div class=\"elementor-element elementor-element-670b42f elementor-widget elementor-widget-image\" data-id=\"670b42f\" data-element_type=\"widget\" data-e-type=\"widget\" data-widget_type=\"image.default\">\n\t\t\t\t<div class=\"elementor-widget-container\">\n\t\t\t\t\t\t\t\t\t\t\t\t\t\t\t<img loading=\"lazy\" decoding=\"async\" width=\"1346\" height=\"1800\" src=\"https:\/\/williamhinton.com\/wp-content\/uploads\/2024\/12\/wh_rum_pt-abm-per-000512t_resultado.jpg\" class=\"attachment-full size-full wp-image-690\" alt=\"interior do antigo engenho hinton - Madeira\" srcset=\"https:\/\/williamhinton.com\/wp-content\/uploads\/2024\/12\/wh_rum_pt-abm-per-000512t_resultado.jpg 1346w, https:\/\/williamhinton.com\/wp-content\/uploads\/2024\/12\/wh_rum_pt-abm-per-000512t_resultado-600x802.jpg 600w, https:\/\/williamhinton.com\/wp-content\/uploads\/2024\/12\/wh_rum_pt-abm-per-000512t_resultado-224x300.jpg 224w, https:\/\/williamhinton.com\/wp-content\/uploads\/2024\/12\/wh_rum_pt-abm-per-000512t_resultado-766x1024.jpg 766w, https:\/\/williamhinton.com\/wp-content\/uploads\/2024\/12\/wh_rum_pt-abm-per-000512t_resultado-768x1027.jpg 768w, https:\/\/williamhinton.com\/wp-content\/uploads\/2024\/12\/wh_rum_pt-abm-per-000512t_resultado-1149x1536.jpg 1149w, https:\/\/williamhinton.com\/wp-content\/uploads\/2024\/12\/wh_rum_pt-abm-per-000512t_resultado-700x936.jpg 700w\" sizes=\"(max-width: 1346px) 100vw, 1346px\" \/>\t\t\t\t\t\t\t\t\t\t\t\t\t\t\t<\/div>\n\t\t\t\t<\/div>\n\t\t\t\t\t<\/div>\n\t\t<\/div>\n\t\t\t\t<div class=\"elementor-column elementor-col-50 elementor-top-column elementor-element elementor-element-853fb75\" data-id=\"853fb75\" data-element_type=\"column\" data-e-type=\"column\">\n\t\t\t<div class=\"elementor-widget-wrap elementor-element-populated\">\n\t\t\t\t\t\t<div class=\"elementor-element elementor-element-46c5794 elementor-widget elementor-widget-text-editor\" data-id=\"46c5794\" data-element_type=\"widget\" data-e-type=\"widget\" data-widget_type=\"text-editor.default\">\n\t\t\t\t<div class=\"elementor-widget-container\">\n\t\t\t\t\t\t\t\t\t<h5>Technical<\/h5>\t\t\t\t\t\t\t\t<\/div>\n\t\t\t\t<\/div>\n\t\t\t\t<div class=\"elementor-element elementor-element-d914863 elementor-widget elementor-widget-text-editor\" data-id=\"d914863\" data-element_type=\"widget\" data-e-type=\"widget\" data-widget_type=\"text-editor.default\">\n\t\t\t\t<div class=\"elementor-widget-container\">\n\t\t\t\t\t\t\t\t\t<h2>Expertise<\/h2>\t\t\t\t\t\t\t\t<\/div>\n\t\t\t\t<\/div>\n\t\t\t\t<div class=\"elementor-element elementor-element-f6365cd elementor-widget elementor-widget-text-editor\" data-id=\"f6365cd\" data-element_type=\"widget\" data-e-type=\"widget\" data-widget_type=\"text-editor.default\">\n\t\t\t\t<div class=\"elementor-widget-container\">\n\t\t\t\t\t\t\t\t\t<p><strong>Distillation<\/strong><\/p><ul><li>Centennial continuous copper column still with 8 rectification plates<\/li><li>Production capacity: 1400 liters\/hour of wine, yielding 75 liters of 100% vol. alcohol<\/li><\/ul><p>\u00a0<\/p><p><strong>Fermentation<\/strong><\/p><ul><li>Controlled process using selected yeasts<\/li><li>Temperature maintained between 28\u00b0C and 35\u00b0C<\/li><li>24-hour fermentation time<\/li><li>10,000-liter fermentation vessel capacity<\/li><\/ul><p>\u00a0<\/p><p><strong>Sugar Cane Varieties<\/strong><\/p><p>ENM primarily uses POJ-2725 and NCO-310 varieties, chosen for their:<\/p><ul><li>Resistance to &#8220;rajado&#8221; and &#8220;mosaic da folha&#8221; viruses<\/li><li>Higher density and sucrose content<\/li><li>Increased productivity, benefiting local farmers<\/li><\/ul><p>\u00a0<\/p><p>The company&#8217;s commitment to quality and innovation has earned it recognition, including the &#8220;Portuguese Product of the Year&#8221; award at the prestigious Lisbon Bar Show in 2018<\/p>\t\t\t\t\t\t\t\t<\/div>\n\t\t\t\t<\/div>\n\t\t\t\t\t<\/div>\n\t\t<\/div>\n\t\t\t\t\t<\/div>\n\t\t<\/section>\n\t\t\t\t<\/div>\n\t\t","protected":false},"excerpt":{"rendered":"<p>A Legacy Reborn: Engenho Novo da Madeira In 2006, the rich tradition of Madeiran rum production was reborn with the establishment of Engenho Novo da Madeira (ENM). Founded by an heir of the illustrious Hinton family, ENM breathed new life into the island&#8217;s centuries-old rum-making&#8230;<\/p>\n","protected":false},"author":1,"featured_media":0,"parent":0,"menu_order":0,"comment_status":"closed","ping_status":"closed","template":"full_width.php","meta":{"footnotes":""},"class_list":["post-678","page","type-page","status-publish","hentry"],"jetpack_sharing_enabled":true,"_links":{"self":[{"href":"https:\/\/williamhinton.com\/en\/wp-json\/wp\/v2\/pages\/678","targetHints":{"allow":["GET"]}}],"collection":[{"href":"https:\/\/williamhinton.com\/en\/wp-json\/wp\/v2\/pages"}],"about":[{"href":"https:\/\/williamhinton.com\/en\/wp-json\/wp\/v2\/types\/page"}],"author":[{"embeddable":true,"href":"https:\/\/williamhinton.com\/en\/wp-json\/wp\/v2\/users\/1"}],"replies":[{"embeddable":true,"href":"https:\/\/williamhinton.com\/en\/wp-json\/wp\/v2\/comments?post=678"}],"version-history":[{"count":10,"href":"https:\/\/williamhinton.com\/en\/wp-json\/wp\/v2\/pages\/678\/revisions"}],"predecessor-version":[{"id":2218,"href":"https:\/\/williamhinton.com\/en\/wp-json\/wp\/v2\/pages\/678\/revisions\/2218"}],"wp:attachment":[{"href":"https:\/\/williamhinton.com\/en\/wp-json\/wp\/v2\/media?parent=678"}],"curies":[{"name":"wp","href":"https:\/\/api.w.org\/{rel}","templated":true}]}}